{"id":54,"date":"2025-05-14T17:33:09","date_gmt":"2025-05-14T17:33:09","guid":{"rendered":"https:\/\/www.fanservice.ro\/?page_id=54"},"modified":"2025-05-26T22:38:41","modified_gmt":"2025-05-26T22:38:41","slug":"servicii","status":"publish","type":"page","link":"https:\/\/www.fanservice.ro\/index.php\/servicii\/","title":{"rendered":"SERVICII"},"content":{"rendered":"\n<p class=\"has-text-align-center has-black-color has-luminous-vivid-amber-to-luminous-vivid-orange-gradient-background has-text-color has-background has-link-color wp-elements-1334b9b83d59bc6ece0f0603313acbaf\"><strong>SERVICIILE OFERITE DE FAN SERVICE SRL <\/strong><\/p>\n\n\n\n<p class=\"has-text-align-center has-black-color has-text-color has-link-color has-regular-font-size wp-elements-af2f518678d1038439de3c9aea25d15f\"><strong>Descoper\u0103 gama noastr\u0103 complet\u0103 de servicii chiar mai jos pe pagin\u0103; este suficient s\u0103 ape\u0219i butonul aferent fiec\u0103ruia pentru a accesa descrierea detaliat\u0103.<\/strong><\/p>\n\n\n\n<p class=\"has-text-align-center\">&#8212;&#8211;<\/p>\n\n\n\n<div class=\"wp-block-buttons is-content-justification-center is-layout-flex wp-container-core-buttons-is-layout-16018d1d wp-block-buttons-is-layout-flex\">\n<div class=\"wp-block-button\"><a class=\"wp-block-button__link wp-element-button\" href=\"https:\/\/www.fanservice.ro\/index.php\/reparatii-auto\/\"><strong> REPARA\u021aII AUTO<\/strong>(apasa aici)<\/a><\/div>\n<\/div>\n\n\n\n<p class=\"has-text-align-center\">&#8212;&#8211;<\/p>\n\n\n\n<div class=\"wp-block-buttons is-content-justification-center is-layout-flex wp-container-core-buttons-is-layout-16018d1d wp-block-buttons-is-layout-flex\">\n<div class=\"wp-block-button\"><a class=\"wp-block-button__link has-text-align-center wp-element-button\" href=\"https:\/\/www.fanservice.ro\/index.php\/geometrie-auto-3d\/\"><strong>GEOMETRIE AUTO 3D<\/strong>(apasa aici)<\/a><\/div>\n<\/div>\n\n\n\n<p class=\"has-text-align-center\">&#8212;&#8211;<\/p>\n\n\n\n<div class=\"wp-block-buttons is-content-justification-center is-layout-flex wp-container-core-buttons-is-layout-16018d1d wp-block-buttons-is-layout-flex\">\n<div class=\"wp-block-button\"><a class=\"wp-block-button__link has-text-align-center wp-element-button\" href=\"https:\/\/www.fanservice.ro\/index.php\/vulcanizare-auto-profesionala\/\"><strong>VULCANIZARE AUTO PROFESIONAL\u0102<\/strong>(apasa aici)<\/a><\/div>\n<\/div>\n\n\n\n<p class=\"has-text-align-center\">&#8212;&#8211;<\/p>\n\n\n\n<div class=\"wp-block-buttons is-content-justification-center is-layout-flex wp-container-core-buttons-is-layout-16018d1d wp-block-buttons-is-layout-flex\">\n<div class=\"wp-block-button\"><a class=\"wp-block-button__link wp-element-button\" href=\"https:\/\/www.fanservice.ro\/index.php\/inspectia-tehnica-periodica\/\"><strong>INSPEC\u021aIA TEHNIC\u0102 PERIODIC\u0102 ( ITP )<\/strong>-(apasa aici)<\/a><\/div>\n<\/div>\n\n\n\n<p class=\"has-text-align-center\">&#8212;&#8211;<\/p>\n\n\n\n<div class=\"wp-block-buttons is-content-justification-center is-layout-flex wp-container-core-buttons-is-layout-16018d1d wp-block-buttons-is-layout-flex\">\n<div class=\"wp-block-button\"><a class=\"wp-block-button__link has-text-align-center wp-element-button\" href=\"https:\/\/www.fanservice.ro\/index.php\/servicii-complete-aer-conditionat\/\"><strong>SERVICII COMPLETE AER CONDI\u021aIONAT <\/strong>(apasa aici)<\/a><\/div>\n<\/div>\n\n\n\n<p class=\"has-text-align-center\">&#8212;&#8211;<\/p>\n\n\n\n<div class=\"wp-block-buttons is-content-justification-center is-layout-flex wp-container-core-buttons-is-layout-16018d1d wp-block-buttons-is-layout-flex\">\n<div class=\"wp-block-button\"><a class=\"wp-block-button__link has-text-align-center wp-element-button\" href=\"https:\/\/www.fanservice.ro\/index.php\/tractari-auto\/\"><strong>TRACT\u0102RI AUTO<\/strong>(apasa aici)<\/a><\/div>\n<\/div>\n\n\n\n<p class=\"has-text-align-center\">&#8212;&#8211;<\/p>\n","protected":false},"excerpt":{"rendered":"<p>SERVICIILE OFERITE DE FAN SERVICE SRL Descoper\u0103 gama noastr\u0103 complet\u0103 de servicii chiar mai jos pe pagin\u0103; este suficient s\u0103 ape\u0219i butonul aferent fiec\u0103ruia pentru [&hellip;]<\/p>\n","protected":false},"author":1,"featured_media":0,"parent":0,"menu_order":0,"comment_status":"closed","ping_status":"closed","template":"","meta":{"_joinchat":[],"footnotes":""},"class_list":["post-54","page","type-page","status-publish","hentry"],"yoast_head":"<!-- This site is optimized with the Yoast SEO plugin v27.4 - https:\/\/yoast.com\/product\/yoast-seo-wordpress\/ -->\n<title>SERVICII - FAN SERVICE<\/title>\n<meta name=\"robots\" content=\"index, follow, max-snippet:-1, max-image-preview:large, max-video-preview:-1\" \/>\n<link rel=\"canonical\" href=\"https:\/\/www.fanservice.ro\/index.php\/servicii\/\" \/>\n<meta property=\"og:locale\" content=\"ro_RO\" \/>\n<meta property=\"og:type\" content=\"article\" \/>\n<meta property=\"og:title\" content=\"SERVICII - FAN SERVICE\" \/>\n<meta property=\"og:description\" content=\"SERVICIILE OFERITE DE FAN SERVICE SRL Descoper\u0103 gama noastr\u0103 complet\u0103 de servicii chiar mai jos pe pagin\u0103; este suficient s\u0103 ape\u0219i butonul aferent fiec\u0103ruia pentru [&hellip;]\" \/>\n<meta property=\"og:url\" content=\"https:\/\/www.fanservice.ro\/index.php\/servicii\/\" \/>\n<meta property=\"og:site_name\" content=\"FAN SERVICE\" \/>\n<meta property=\"article:modified_time\" content=\"2025-05-26T22:38:41+00:00\" \/>\n<meta name=\"twitter:card\" content=\"summary_large_image\" \/>\n<meta name=\"twitter:label1\" content=\"Timp estimat pentru citire\" \/>\n\t<meta name=\"twitter:data1\" content=\"1 minut\" \/>\n<script type=\"application\/ld+json\" class=\"yoast-schema-graph\">{\"@context\":\"https:\\\/\\\/schema.org\",\"@graph\":[{\"@type\":\"WebPage\",\"@id\":\"https:\\\/\\\/www.fanservice.ro\\\/index.php\\\/servicii\\\/\",\"url\":\"https:\\\/\\\/www.fanservice.ro\\\/index.php\\\/servicii\\\/\",\"name\":\"SERVICII - FAN SERVICE\",\"isPartOf\":{\"@id\":\"https:\\\/\\\/www.fanservice.ro\\\/#website\"},\"datePublished\":\"2025-05-14T17:33:09+00:00\",\"dateModified\":\"2025-05-26T22:38:41+00:00\",\"breadcrumb\":{\"@id\":\"https:\\\/\\\/www.fanservice.ro\\\/index.php\\\/servicii\\\/#breadcrumb\"},\"inLanguage\":\"ro-RO\",\"potentialAction\":[{\"@type\":\"ReadAction\",\"target\":[\"https:\\\/\\\/www.fanservice.ro\\\/index.php\\\/servicii\\\/\"]}]},{\"@type\":\"BreadcrumbList\",\"@id\":\"https:\\\/\\\/www.fanservice.ro\\\/index.php\\\/servicii\\\/#breadcrumb\",\"itemListElement\":[{\"@type\":\"ListItem\",\"position\":1,\"name\":\"Prima pagin\u0103\",\"item\":\"https:\\\/\\\/www.fanservice.ro\\\/\"},{\"@type\":\"ListItem\",\"position\":2,\"name\":\"SERVICII\"}]},{\"@type\":\"WebSite\",\"@id\":\"https:\\\/\\\/www.fanservice.ro\\\/#website\",\"url\":\"https:\\\/\\\/www.fanservice.ro\\\/\",\"name\":\"FAN SERVICE\",\"description\":\"Service Auto \",\"publisher\":{\"@id\":\"https:\\\/\\\/www.fanservice.ro\\\/#organization\"},\"potentialAction\":[{\"@type\":\"SearchAction\",\"target\":{\"@type\":\"EntryPoint\",\"urlTemplate\":\"https:\\\/\\\/www.fanservice.ro\\\/?s={search_term_string}\"},\"query-input\":{\"@type\":\"PropertyValueSpecification\",\"valueRequired\":true,\"valueName\":\"search_term_string\"}}],\"inLanguage\":\"ro-RO\"},{\"@type\":\"Organization\",\"@id\":\"https:\\\/\\\/www.fanservice.ro\\\/#organization\",\"name\":\"FAN SERVICE\",\"url\":\"https:\\\/\\\/www.fanservice.ro\\\/\",\"logo\":{\"@type\":\"ImageObject\",\"inLanguage\":\"ro-RO\",\"@id\":\"https:\\\/\\\/www.fanservice.ro\\\/#\\\/schema\\\/logo\\\/image\\\/\",\"url\":\"https:\\\/\\\/www.fanservice.ro\\\/wp-content\\\/uploads\\\/2025\\\/05\\\/cropped-20250405_1042081-1-scaled-1.jpg\",\"contentUrl\":\"https:\\\/\\\/www.fanservice.ro\\\/wp-content\\\/uploads\\\/2025\\\/05\\\/cropped-20250405_1042081-1-scaled-1.jpg\",\"width\":2559,\"height\":2313,\"caption\":\"FAN SERVICE \"},\"image\":{\"@id\":\"https:\\\/\\\/www.fanservice.ro\\\/#\\\/schema\\\/logo\\\/image\\\/\"}}]}<\/script>\n<!-- \/ Yoast SEO plugin. -->","yoast_head_json":{"title":"SERVICII - FAN SERVICE","robots":{"index":"index","follow":"follow","max-snippet":"max-snippet:-1","max-image-preview":"max-image-preview:large","max-video-preview":"max-video-preview:-1"},"canonical":"https:\/\/www.fanservice.ro\/index.php\/servicii\/","og_locale":"ro_RO","og_type":"article","og_title":"SERVICII - FAN SERVICE","og_description":"SERVICIILE OFERITE DE FAN SERVICE SRL Descoper\u0103 gama noastr\u0103 complet\u0103 de servicii chiar mai jos pe pagin\u0103; este suficient s\u0103 ape\u0219i butonul aferent fiec\u0103ruia pentru [&hellip;]","og_url":"https:\/\/www.fanservice.ro\/index.php\/servicii\/","og_site_name":"FAN SERVICE","article_modified_time":"2025-05-26T22:38:41+00:00","twitter_card":"summary_large_image","twitter_misc":{"Timp estimat pentru citire":"1 minut"},"schema":{"@context":"https:\/\/schema.org","@graph":[{"@type":"WebPage","@id":"https:\/\/www.fanservice.ro\/index.php\/servicii\/","url":"https:\/\/www.fanservice.ro\/index.php\/servicii\/","name":"SERVICII - FAN SERVICE","isPartOf":{"@id":"https:\/\/www.fanservice.ro\/#website"},"datePublished":"2025-05-14T17:33:09+00:00","dateModified":"2025-05-26T22:38:41+00:00","breadcrumb":{"@id":"https:\/\/www.fanservice.ro\/index.php\/servicii\/#breadcrumb"},"inLanguage":"ro-RO","potentialAction":[{"@type":"ReadAction","target":["https:\/\/www.fanservice.ro\/index.php\/servicii\/"]}]},{"@type":"BreadcrumbList","@id":"https:\/\/www.fanservice.ro\/index.php\/servicii\/#breadcrumb","itemListElement":[{"@type":"ListItem","position":1,"name":"Prima pagin\u0103","item":"https:\/\/www.fanservice.ro\/"},{"@type":"ListItem","position":2,"name":"SERVICII"}]},{"@type":"WebSite","@id":"https:\/\/www.fanservice.ro\/#website","url":"https:\/\/www.fanservice.ro\/","name":"FAN SERVICE","description":"Service Auto ","publisher":{"@id":"https:\/\/www.fanservice.ro\/#organization"},"potentialAction":[{"@type":"SearchAction","target":{"@type":"EntryPoint","urlTemplate":"https:\/\/www.fanservice.ro\/?s={search_term_string}"},"query-input":{"@type":"PropertyValueSpecification","valueRequired":true,"valueName":"search_term_string"}}],"inLanguage":"ro-RO"},{"@type":"Organization","@id":"https:\/\/www.fanservice.ro\/#organization","name":"FAN SERVICE","url":"https:\/\/www.fanservice.ro\/","logo":{"@type":"ImageObject","inLanguage":"ro-RO","@id":"https:\/\/www.fanservice.ro\/#\/schema\/logo\/image\/","url":"https:\/\/www.fanservice.ro\/wp-content\/uploads\/2025\/05\/cropped-20250405_1042081-1-scaled-1.jpg","contentUrl":"https:\/\/www.fanservice.ro\/wp-content\/uploads\/2025\/05\/cropped-20250405_1042081-1-scaled-1.jpg","width":2559,"height":2313,"caption":"FAN SERVICE "},"image":{"@id":"https:\/\/www.fanservice.ro\/#\/schema\/logo\/image\/"}}]}},"_links":{"self":[{"href":"https:\/\/www.fanservice.ro\/index.php\/wp-json\/wp\/v2\/pages\/54","targetHints":{"allow":["GET"]}}],"collection":[{"href":"https:\/\/www.fanservice.ro\/index.php\/wp-json\/wp\/v2\/pages"}],"about":[{"href":"https:\/\/www.fanservice.ro\/index.php\/wp-json\/wp\/v2\/types\/page"}],"author":[{"embeddable":true,"href":"https:\/\/www.fanservice.ro\/index.php\/wp-json\/wp\/v2\/users\/1"}],"replies":[{"embeddable":true,"href":"https:\/\/www.fanservice.ro\/index.php\/wp-json\/wp\/v2\/comments?post=54"}],"version-history":[{"count":18,"href":"https:\/\/www.fanservice.ro\/index.php\/wp-json\/wp\/v2\/pages\/54\/revisions"}],"predecessor-version":[{"id":294,"href":"https:\/\/www.fanservice.ro\/index.php\/wp-json\/wp\/v2\/pages\/54\/revisions\/294"}],"wp:attachment":[{"href":"https:\/\/www.fanservice.ro\/index.php\/wp-json\/wp\/v2\/media?parent=54"}],"curies":[{"name":"wp","href":"https:\/\/api.w.org\/{rel}","templated":true}]}}