{"id":485,"date":"2025-06-12T21:10:58","date_gmt":"2025-06-12T21:10:58","guid":{"rendered":"https:\/\/www.fanservice.ro\/?page_id=485"},"modified":"2025-06-12T21:17:24","modified_gmt":"2025-06-12T21:17:24","slug":"vocea-clientului","status":"publish","type":"page","link":"https:\/\/www.fanservice.ro\/index.php\/vocea-clientului\/","title":{"rendered":"Vocea Clientului"},"content":{"rendered":"\n<div class=\"wp-block-buttons is-content-justification-center is-layout-flex wp-container-core-buttons-is-layout-16018d1d wp-block-buttons-is-layout-flex\">\n<div class=\"wp-block-button\"><a class=\"wp-block-button__link wp-element-button\" href=\"https:\/\/chat.whatsapp.com\/BZ5RMMGBGQzKUQyC2tOdgS\">Buton Grup Whatsapp<\/a><\/div>\n<\/div>\n\n\n\n<hr class=\"wp-block-separator has-alpha-channel-opacity\"\/>\n\n\n\n<p class=\"has-text-align-center\"> &#8230; &#8230; <\/p>\n\n\n\n<p class=\"has-text-align-center\"><a href=\"https:\/\/chat.whatsapp.com\/BZ5RMMGBGQzKUQyC2tOdgS\">https:\/\/chat.whatsapp.com\/BZ5RMMGBGQzKUQyC2tOdgS<\/a><\/p>\n\n\n\n<p class=\"has-text-align-center\"> &#8230; &#8230; <\/p>\n\n\n<div class=\"wp-block-image is-style-rounded\">\n<figure class=\"aligncenter size-full is-resized\"><img loading=\"lazy\" decoding=\"async\" width=\"1013\" height=\"1800\" src=\"https:\/\/www.fanservice.ro\/wp-content\/uploads\/2025\/06\/shared_qr_code-1-1.png\" alt=\"\" class=\"wp-image-487\" style=\"width:207px;height:auto\" srcset=\"https:\/\/www.fanservice.ro\/wp-content\/uploads\/2025\/06\/shared_qr_code-1-1.png 1013w, https:\/\/www.fanservice.ro\/wp-content\/uploads\/2025\/06\/shared_qr_code-1-1-169x300.png 169w, https:\/\/www.fanservice.ro\/wp-content\/uploads\/2025\/06\/shared_qr_code-1-1-576x1024.png 576w, https:\/\/www.fanservice.ro\/wp-content\/uploads\/2025\/06\/shared_qr_code-1-1-768x1365.png 768w, https:\/\/www.fanservice.ro\/wp-content\/uploads\/2025\/06\/shared_qr_code-1-1-864x1536.png 864w\" sizes=\"auto, (max-width: 1013px) 100vw, 1013px\" \/><\/figure>\n<\/div>\n\n\n<h2 class=\"wp-block-heading has-text-align-center has-black-color has-light-green-cyan-to-vivid-green-cyan-gradient-background has-text-color has-background has-link-color has-regular-font-size wp-elements-fc8c8d3d712317357657faf1c7448275\">Vocea Clientului: P\u0103rerea Ta Conteaz\u0103!<\/h2>\n\n\n\n<p class=\"has-text-align-center\">Ne dorim s\u0103 fim mereu al\u0103turi de tine \u0219i s\u0103 \u00ee\u021bi oferim cele mai bune servicii auto. De aceea, <strong>p\u0103rerea ta este extrem de important\u0103 pentru noi!<\/strong> Fie c\u0103 ai o sugestie, o nel\u0103murire sau pur \u0219i simplu vrei s\u0103 \u00eemp\u0103rt\u0103\u0219e\u0219ti o experien\u021b\u0103 legat\u0103 de ma\u0219ina ta, te \u00eencuraj\u0103m s\u0103 ne spui.<\/p>\n\n\n\n<p class=\"has-text-align-center\">Am creat un spa\u021biu special unde po\u021bi discuta liber despre orice problem\u0103 sau subiect auto care te preocup\u0103. Fii parte dintr-o comunitate de pasiona\u021bi auto, unde te po\u021bi informa, po\u021bi cere sfaturi \u0219i po\u021bi oferi ajutor celorlal\u021bi.<\/p>\n\n\n\n<p class=\"has-text-align-center has-black-color has-luminous-vivid-orange-to-vivid-red-gradient-background has-text-color has-background has-link-color has-regular-font-size wp-elements-62cfdabcbd4b071514dccd61506c2196\"><strong>Al\u0103tur\u0103-te acum grupului nostru de WhatsApp \u0219i hai s\u0103 vorbim!<\/strong><\/p>\n\n\n\n<p class=\"has-text-align-center\"> &#8230; &#8230; <\/p>\n\n\n\n<div class=\"wp-block-buttons is-content-justification-center is-layout-flex wp-container-core-buttons-is-layout-16018d1d wp-block-buttons-is-layout-flex\">\n<div class=\"wp-block-button\"><a class=\"wp-block-button__link has-text-align-center wp-element-button\" href=\"https:\/\/chat.whatsapp.com\/BZ5RMMGBGQzKUQyC2tOdgS\">Buton Grup ( apasa aici ) <\/a><\/div>\n<\/div>\n\n\n\n<p class=\"has-text-align-center\"> &#8230; &#8230; <\/p>\n","protected":false},"excerpt":{"rendered":"<p>&#8230; &#8230; https:\/\/chat.whatsapp.com\/BZ5RMMGBGQzKUQyC2tOdgS &#8230; &#8230; Vocea Clientului: P\u0103rerea Ta Conteaz\u0103! Ne dorim s\u0103 fim mereu al\u0103turi de tine \u0219i s\u0103 \u00ee\u021bi oferim cele mai bune [&hellip;]<\/p>\n","protected":false},"author":1,"featured_media":0,"parent":0,"menu_order":0,"comment_status":"closed","ping_status":"closed","template":"","meta":{"_joinchat":[],"footnotes":""},"class_list":["post-485","page","type-page","status-publish","hentry"],"yoast_head":"<!-- This site is optimized with the Yoast SEO plugin v27.4 - https:\/\/yoast.com\/product\/yoast-seo-wordpress\/ -->\n<title>Vocea Clientului - FAN SERVICE<\/title>\n<meta name=\"robots\" content=\"index, follow, max-snippet:-1, max-image-preview:large, max-video-preview:-1\" \/>\n<link rel=\"canonical\" href=\"https:\/\/www.fanservice.ro\/index.php\/vocea-clientului\/\" \/>\n<meta property=\"og:locale\" content=\"ro_RO\" \/>\n<meta property=\"og:type\" content=\"article\" \/>\n<meta property=\"og:title\" content=\"Vocea Clientului - FAN SERVICE\" \/>\n<meta property=\"og:description\" content=\"&#8230; &#8230; https:\/\/chat.whatsapp.com\/BZ5RMMGBGQzKUQyC2tOdgS &#8230; &#8230; Vocea Clientului: P\u0103rerea Ta Conteaz\u0103! Ne dorim s\u0103 fim mereu al\u0103turi de tine \u0219i s\u0103 \u00ee\u021bi oferim cele mai bune [&hellip;]\" \/>\n<meta property=\"og:url\" content=\"https:\/\/www.fanservice.ro\/index.php\/vocea-clientului\/\" \/>\n<meta property=\"og:site_name\" content=\"FAN SERVICE\" \/>\n<meta property=\"article:modified_time\" content=\"2025-06-12T21:17:24+00:00\" \/>\n<meta property=\"og:image\" content=\"https:\/\/www.fanservice.ro\/wp-content\/uploads\/2025\/06\/shared_qr_code-1-1.png\" \/>\n\t<meta property=\"og:image:width\" content=\"1013\" \/>\n\t<meta property=\"og:image:height\" content=\"1800\" \/>\n\t<meta property=\"og:image:type\" content=\"image\/png\" \/>\n<meta name=\"twitter:card\" content=\"summary_large_image\" \/>\n<meta name=\"twitter:label1\" content=\"Timp estimat pentru citire\" \/>\n\t<meta name=\"twitter:data1\" content=\"1 minut\" \/>\n<script type=\"application\/ld+json\" class=\"yoast-schema-graph\">{\"@context\":\"https:\\\/\\\/schema.org\",\"@graph\":[{\"@type\":\"WebPage\",\"@id\":\"https:\\\/\\\/www.fanservice.ro\\\/index.php\\\/vocea-clientului\\\/\",\"url\":\"https:\\\/\\\/www.fanservice.ro\\\/index.php\\\/vocea-clientului\\\/\",\"name\":\"Vocea Clientului - FAN SERVICE\",\"isPartOf\":{\"@id\":\"https:\\\/\\\/www.fanservice.ro\\\/#website\"},\"primaryImageOfPage\":{\"@id\":\"https:\\\/\\\/www.fanservice.ro\\\/index.php\\\/vocea-clientului\\\/#primaryimage\"},\"image\":{\"@id\":\"https:\\\/\\\/www.fanservice.ro\\\/index.php\\\/vocea-clientului\\\/#primaryimage\"},\"thumbnailUrl\":\"https:\\\/\\\/www.fanservice.ro\\\/wp-content\\\/uploads\\\/2025\\\/06\\\/shared_qr_code-1-1.png\",\"datePublished\":\"2025-06-12T21:10:58+00:00\",\"dateModified\":\"2025-06-12T21:17:24+00:00\",\"breadcrumb\":{\"@id\":\"https:\\\/\\\/www.fanservice.ro\\\/index.php\\\/vocea-clientului\\\/#breadcrumb\"},\"inLanguage\":\"ro-RO\",\"potentialAction\":[{\"@type\":\"ReadAction\",\"target\":[\"https:\\\/\\\/www.fanservice.ro\\\/index.php\\\/vocea-clientului\\\/\"]}]},{\"@type\":\"ImageObject\",\"inLanguage\":\"ro-RO\",\"@id\":\"https:\\\/\\\/www.fanservice.ro\\\/index.php\\\/vocea-clientului\\\/#primaryimage\",\"url\":\"https:\\\/\\\/www.fanservice.ro\\\/wp-content\\\/uploads\\\/2025\\\/06\\\/shared_qr_code-1-1.png\",\"contentUrl\":\"https:\\\/\\\/www.fanservice.ro\\\/wp-content\\\/uploads\\\/2025\\\/06\\\/shared_qr_code-1-1.png\",\"width\":1013,\"height\":1800},{\"@type\":\"BreadcrumbList\",\"@id\":\"https:\\\/\\\/www.fanservice.ro\\\/index.php\\\/vocea-clientului\\\/#breadcrumb\",\"itemListElement\":[{\"@type\":\"ListItem\",\"position\":1,\"name\":\"Prima pagin\u0103\",\"item\":\"https:\\\/\\\/www.fanservice.ro\\\/\"},{\"@type\":\"ListItem\",\"position\":2,\"name\":\"Vocea Clientului\"}]},{\"@type\":\"WebSite\",\"@id\":\"https:\\\/\\\/www.fanservice.ro\\\/#website\",\"url\":\"https:\\\/\\\/www.fanservice.ro\\\/\",\"name\":\"FAN SERVICE\",\"description\":\"Service Auto \",\"publisher\":{\"@id\":\"https:\\\/\\\/www.fanservice.ro\\\/#organization\"},\"potentialAction\":[{\"@type\":\"SearchAction\",\"target\":{\"@type\":\"EntryPoint\",\"urlTemplate\":\"https:\\\/\\\/www.fanservice.ro\\\/?s={search_term_string}\"},\"query-input\":{\"@type\":\"PropertyValueSpecification\",\"valueRequired\":true,\"valueName\":\"search_term_string\"}}],\"inLanguage\":\"ro-RO\"},{\"@type\":\"Organization\",\"@id\":\"https:\\\/\\\/www.fanservice.ro\\\/#organization\",\"name\":\"FAN SERVICE\",\"url\":\"https:\\\/\\\/www.fanservice.ro\\\/\",\"logo\":{\"@type\":\"ImageObject\",\"inLanguage\":\"ro-RO\",\"@id\":\"https:\\\/\\\/www.fanservice.ro\\\/#\\\/schema\\\/logo\\\/image\\\/\",\"url\":\"https:\\\/\\\/www.fanservice.ro\\\/wp-content\\\/uploads\\\/2025\\\/05\\\/cropped-20250405_1042081-1-scaled-1.jpg\",\"contentUrl\":\"https:\\\/\\\/www.fanservice.ro\\\/wp-content\\\/uploads\\\/2025\\\/05\\\/cropped-20250405_1042081-1-scaled-1.jpg\",\"width\":2559,\"height\":2313,\"caption\":\"FAN SERVICE \"},\"image\":{\"@id\":\"https:\\\/\\\/www.fanservice.ro\\\/#\\\/schema\\\/logo\\\/image\\\/\"}}]}<\/script>\n<!-- \/ Yoast SEO plugin. -->","yoast_head_json":{"title":"Vocea Clientului - FAN SERVICE","robots":{"index":"index","follow":"follow","max-snippet":"max-snippet:-1","max-image-preview":"max-image-preview:large","max-video-preview":"max-video-preview:-1"},"canonical":"https:\/\/www.fanservice.ro\/index.php\/vocea-clientului\/","og_locale":"ro_RO","og_type":"article","og_title":"Vocea Clientului - FAN SERVICE","og_description":"&#8230; &#8230; https:\/\/chat.whatsapp.com\/BZ5RMMGBGQzKUQyC2tOdgS &#8230; &#8230; Vocea Clientului: P\u0103rerea Ta Conteaz\u0103! Ne dorim s\u0103 fim mereu al\u0103turi de tine \u0219i s\u0103 \u00ee\u021bi oferim cele mai bune [&hellip;]","og_url":"https:\/\/www.fanservice.ro\/index.php\/vocea-clientului\/","og_site_name":"FAN SERVICE","article_modified_time":"2025-06-12T21:17:24+00:00","og_image":[{"width":1013,"height":1800,"url":"https:\/\/www.fanservice.ro\/wp-content\/uploads\/2025\/06\/shared_qr_code-1-1.png","type":"image\/png"}],"twitter_card":"summary_large_image","twitter_misc":{"Timp estimat pentru citire":"1 minut"},"schema":{"@context":"https:\/\/schema.org","@graph":[{"@type":"WebPage","@id":"https:\/\/www.fanservice.ro\/index.php\/vocea-clientului\/","url":"https:\/\/www.fanservice.ro\/index.php\/vocea-clientului\/","name":"Vocea Clientului - FAN SERVICE","isPartOf":{"@id":"https:\/\/www.fanservice.ro\/#website"},"primaryImageOfPage":{"@id":"https:\/\/www.fanservice.ro\/index.php\/vocea-clientului\/#primaryimage"},"image":{"@id":"https:\/\/www.fanservice.ro\/index.php\/vocea-clientului\/#primaryimage"},"thumbnailUrl":"https:\/\/www.fanservice.ro\/wp-content\/uploads\/2025\/06\/shared_qr_code-1-1.png","datePublished":"2025-06-12T21:10:58+00:00","dateModified":"2025-06-12T21:17:24+00:00","breadcrumb":{"@id":"https:\/\/www.fanservice.ro\/index.php\/vocea-clientului\/#breadcrumb"},"inLanguage":"ro-RO","potentialAction":[{"@type":"ReadAction","target":["https:\/\/www.fanservice.ro\/index.php\/vocea-clientului\/"]}]},{"@type":"ImageObject","inLanguage":"ro-RO","@id":"https:\/\/www.fanservice.ro\/index.php\/vocea-clientului\/#primaryimage","url":"https:\/\/www.fanservice.ro\/wp-content\/uploads\/2025\/06\/shared_qr_code-1-1.png","contentUrl":"https:\/\/www.fanservice.ro\/wp-content\/uploads\/2025\/06\/shared_qr_code-1-1.png","width":1013,"height":1800},{"@type":"BreadcrumbList","@id":"https:\/\/www.fanservice.ro\/index.php\/vocea-clientului\/#breadcrumb","itemListElement":[{"@type":"ListItem","position":1,"name":"Prima pagin\u0103","item":"https:\/\/www.fanservice.ro\/"},{"@type":"ListItem","position":2,"name":"Vocea Clientului"}]},{"@type":"WebSite","@id":"https:\/\/www.fanservice.ro\/#website","url":"https:\/\/www.fanservice.ro\/","name":"FAN SERVICE","description":"Service Auto ","publisher":{"@id":"https:\/\/www.fanservice.ro\/#organization"},"potentialAction":[{"@type":"SearchAction","target":{"@type":"EntryPoint","urlTemplate":"https:\/\/www.fanservice.ro\/?s={search_term_string}"},"query-input":{"@type":"PropertyValueSpecification","valueRequired":true,"valueName":"search_term_string"}}],"inLanguage":"ro-RO"},{"@type":"Organization","@id":"https:\/\/www.fanservice.ro\/#organization","name":"FAN SERVICE","url":"https:\/\/www.fanservice.ro\/","logo":{"@type":"ImageObject","inLanguage":"ro-RO","@id":"https:\/\/www.fanservice.ro\/#\/schema\/logo\/image\/","url":"https:\/\/www.fanservice.ro\/wp-content\/uploads\/2025\/05\/cropped-20250405_1042081-1-scaled-1.jpg","contentUrl":"https:\/\/www.fanservice.ro\/wp-content\/uploads\/2025\/05\/cropped-20250405_1042081-1-scaled-1.jpg","width":2559,"height":2313,"caption":"FAN SERVICE "},"image":{"@id":"https:\/\/www.fanservice.ro\/#\/schema\/logo\/image\/"}}]}},"_links":{"self":[{"href":"https:\/\/www.fanservice.ro\/index.php\/wp-json\/wp\/v2\/pages\/485","targetHints":{"allow":["GET"]}}],"collection":[{"href":"https:\/\/www.fanservice.ro\/index.php\/wp-json\/wp\/v2\/pages"}],"about":[{"href":"https:\/\/www.fanservice.ro\/index.php\/wp-json\/wp\/v2\/types\/page"}],"author":[{"embeddable":true,"href":"https:\/\/www.fanservice.ro\/index.php\/wp-json\/wp\/v2\/users\/1"}],"replies":[{"embeddable":true,"href":"https:\/\/www.fanservice.ro\/index.php\/wp-json\/wp\/v2\/comments?post=485"}],"version-history":[{"count":2,"href":"https:\/\/www.fanservice.ro\/index.php\/wp-json\/wp\/v2\/pages\/485\/revisions"}],"predecessor-version":[{"id":491,"href":"https:\/\/www.fanservice.ro\/index.php\/wp-json\/wp\/v2\/pages\/485\/revisions\/491"}],"wp:attachment":[{"href":"https:\/\/www.fanservice.ro\/index.php\/wp-json\/wp\/v2\/media?parent=485"}],"curies":[{"name":"wp","href":"https:\/\/api.w.org\/{rel}","templated":true}]}}